{"id":54,"date":"2022-06-28T12:11:54","date_gmt":"2022-06-28T12:11:54","guid":{"rendered":"https:\/\/wine-tours-slovenia.com\/?page_id=54"},"modified":"2022-08-02T13:23:02","modified_gmt":"2022-08-02T13:23:02","slug":"partnerji","status":"publish","type":"page","link":"https:\/\/wine-tours-slovenia.com\/sl\/partnerji\/","title":{"rendered":"Partnerji"},"content":{"rendered":"<p><a href=\"https:\/\/winetastingbled.com\/\" target=\"_blank\" rel=\"noreferrer noopener\">Degustacija vina Bled<\/a>&nbsp;<a href=\"https:\/\/winetastingbled.com\/\" target=\"_blank\" rel=\"noreferrer noopener\">\ud83e\udd42<\/a><\/p>\n\n\n\n<p>Bled je zagotovo eden najlep\u0161ih in najbolj slikovitih krajev v Sloveniji. Kako bolje spoznati ta pravlji\u010dni kraj kot z interaktivno degustacijo sedmih vrhunskih slovenskih vin iz razli\u010dnih vinorodnih okoli\u0161ev.<\/p>\n\n\n\n<p><a href=\"https:\/\/beertastingljubljana.com\/\" target=\"_blank\" rel=\"noreferrer noopener\">Degustacija piva v Ljubljani \ud83c\udf7a<\/a><\/p>\n\n\n\n<p>Poskusite slovenska kraft piva in se na zabaven na\u010din od strokovnjaka za pivo nau\u010dite obveznih pivskih dejstev v na\u0161em lokalnem pubu. Preizkusite nov neverjeten izbor medvedov na zabaven in interaktiven na\u010din.<\/p>\n\n\n\n<p><a href=\"https:\/\/foodtourbled.com\/\" target=\"_blank\" rel=\"noreferrer noopener\">Food Tour Bled \ud83c\udf73 \ud83e\udd5e \ud83e\uddc7&nbsp;<\/a><\/p>\n\n\n\n<p>Odkrijte tradicionalno lokalno hrano in pristne slovenske restavracije v \u010dudovitem okolju.<\/p>\n\n\n\n<p><a href=\"https:\/\/foodtourljubljana.com\/\" target=\"_blank\" rel=\"noreferrer noopener\">Food Tour Ljubljana \ud83c\udf5d \ud83c\udf5b \ud83e\udd58<\/a><\/p>\n\n\n\n<p>Tiso\u010dletni kulinari\u010dni vplivi od Sredozemlja do Alp, od Panonske o\u017eine do Balkana in \u0161e dlje so rodili 365 izjemnih pristnih slovenskih jedi. Najbolj\u0161i na\u010din, da jih okusite, je, da se pridru\u017eite kulinari\u010dnemu izletu v Ljubljani.<\/p>\n\n\n\n<p><a href=\"https:\/\/cookingclassljubljana.com\/\" target=\"_blank\" rel=\"noreferrer noopener\">Kuharski te\u010daj Ljubljana \ud83c\udf73<\/a><\/p>\n\n\n\n<p>Z lokalnimi kuharji \ud83d\udc69\ud83c\udf73 boste do\u017eiveli prakti\u010dno kulinari\u010dno delavnico, ki vas bo popeljala skozi bogato slovensko kulinari\u010dno zgodovino in najbolj priljubljene tradicionalne jedi.<\/p>\n\n\n\n<p><a href=\"https:\/\/farmlifeslovenia.com\/\" target=\"_blank\" rel=\"noreferrer noopener\">Farm Life Slovenija \ud83d\udc24<\/a><\/p>\n\n\n\n<p>Preizkusite novo izku\u0161njo in bodite kmet za en dan. Obi\u0161\u010dite pristno slovensko kmetijo in se nau\u010dite novih spretnosti, ob tem pa se zabavajte in oku\u0161ajte lokalno pridelano hrano.<\/p>\n\n\n\n<p><a href=\"https:\/\/biketourljubljana.com\/\" target=\"_blank\" rel=\"noreferrer noopener\">Kolesarski izlet po Ljubljani&nbsp;<\/a><a href=\"https:\/\/www.tuscany-biketours.com\/\" target=\"_blank\" rel=\"noreferrer noopener\">\ud83d\udeb4<\/a><\/p>\n\n\n\n<p>Pridru\u017eite se lokalnemu vodniku na kolesarskem izletu po Ljubljani. S kolesarsko turo boste izbrali varen in zabaven na\u010din raziskovanja vseh mestnih znamenitosti pod vodstvom lokalnega angle\u0161ko govore\u010dega vodnika, ki vam bo v nekaj urah predstavil zgodbo mesta.<\/p>\n\n\n\n<p><a href=\"https:\/\/winetastingljubljana.com\/\" target=\"_blank\" rel=\"noreferrer noopener\">Degustacija vin v Ljubljani \ud83c\udf77<\/a><\/p>\n\n\n\n<p>Z Wine Tasting Ljubljana se odpravite na pustolov\u0161\u010dino v 300 let staro vinsko klet, se razvajajte s slastnimi predjedmi in se prepustite strokovnemu angle\u0161ko govore\u010demu sommelierju, da vas popelje na vznemirljivo pot oku\u0161anja izbora najbolj\u0161ih slovenskih vin.<\/p>\n\n\n\n<p><a href=\"https:\/\/slovenia-activities.com\/\" target=\"_blank\" rel=\"noreferrer noopener\">Dejavnosti v Sloveniji<\/a><\/p>\n\n\n\n<p>Ekipa Slovenia Activities ima bogato najbolje ocenjeno lokalno ponudbo kolesarjenja, pohodni\u0161tva, zimskih aktivnosti, plezanja, jamarstva, soteskanja, raftinga in drugih zanimivih in adrenalinskih aktivnosti na prostem.<\/p>\n\n\n\n<p><a href=\"https:\/\/marlboroughjadetours.co.nz\/\" target=\"_blank\" rel=\"noreferrer noopener\">Jade Tours \ud83c\udf77<\/a><\/p>\n\n\n\n<p>Ekipa Jade Tours vas bo popeljala na vinsko turo po Marlboroughu do svetovno znanih kletnih vrat. Imeli boste prilo\u017enost u\u017eivati v zabavnem, prilagodljivem in pou\u010dnem ogledu.<\/p>\n\n\n\n<p><a href=\"https:\/\/www.tuscany-vespatours.com\/\" target=\"_blank\" rel=\"noreferrer noopener\">Vespa Tour Toskana \ud83d\udef5<\/a><\/p>\n\n\n\n<p>Tuscany Vespa Tours ima edinstveno ponudbo enodnevnih izletov z vespo ju\u017eno od Firenc, v osr\u010dju vinske regije Chianti.<\/p>\n\n\n\n<p><a href=\"https:\/\/www.tuscany-biketours.com\/\" target=\"_blank\" rel=\"noreferrer noopener\">Kolesarski izleti po Toskani \ud83d\udeb4<\/a><\/p>\n\n\n\n<p>Nepozabni in edinstveni enodnevni kolesarski izleti po Toskani.<\/p>\n\n\n\n<p><a href=\"https:\/\/www.parkhero.co.uk\/\" target=\"_blank\" rel=\"noreferrer noopener\">Parkhero<\/a><\/p>\n\n\n\n<p>Parkhero je platforma za primerjavo in rezervacijo, ki potnikom v Zdru\u017eenem kraljestvu pomaga prihraniti denar pri parkiranju na letali\u0161\u010du, tudi tistim, ki uporabljajo notranje lete.<\/p>\n\n\n\n<p><a href=\"https:\/\/huttohuthikingslovenia.com\/\" target=\"_blank\" rel=\"noreferrer noopener\">Pohodni\u0161tvo od ko\u010de do ko\u010de Slovenija<\/a><\/p>\n\n\n\n<p>Pohod po najbolj\u0161ih poteh v Julijskih Alpah.<\/p>\n\n\n\n<p><a href=\"https:\/\/triglavtours.com\/\" target=\"_blank\" rel=\"noreferrer noopener\">Triglavski izleti<\/a><\/p>\n\n\n\n<p>Vodeni izleti na najbolj znamenito slovensko goro.<\/p>\n\n\n\n<p><a href=\"https:\/\/sloveniatours.com\/\" target=\"_blank\" rel=\"noreferrer noopener\">Izleti v Slovenijo<\/a><\/p>\n\n\n\n<p>Ve\u010ddnevni vodeni izleti po Sloveniji, na katerih boste odkrivali njene najve\u010dje znamenitosti in skrite dragulje. Njihovi lokalni vodniki vas bodo spremljali na potovanju po najbolj\u0161ih krajih Slovenije, od lagodnih do bolj aktivnih po\u010ditnic.<\/p>\n\n\n\n<p><a href=\"https:\/\/sloveniaprivatetours.com\/\" target=\"_blank\" rel=\"noreferrer noopener\">Zasebni izleti po Sloveniji<\/a><\/p>\n\n\n\n<p>Zasebni izleti v Slovenijo so prilo\u017enost, da na\u0161o dr\u017eavo do\u017eivite popolnoma brez stresa, v dru\u017ebi strokovnega lokalnega voznika in vodnika, ki vam bosta pokazala, kaj vse je Slovenija.<\/p>\n\n\n\n<p><a rel=\"noreferrer noopener\" href=\"https:\/\/thebalkantours.com\/\" target=\"_blank\">Balkanski izleti<\/a><\/p>\n\n\n\n<p>Nepozabne po\u010ditnice po balkanskih dr\u017eavah.<\/p>\n\n\n\n<p><a href=\"https:\/\/hvarstagdo.com\/\" target=\"_blank\" rel=\"noreferrer noopener\">Hvart Stag Do<\/a><\/p>\n\n\n\n<p>Privo\u0161\u010dite si epski fantovski vikend na najbolj\u0161em hrva\u0161kem otoku za zabavo.<\/p>\n\n\n\n<p><a href=\"https:\/\/shoreexcursionskoper.com\/\" target=\"_blank\" rel=\"noreferrer noopener\">Koprski izleti Koper<\/a><\/p>\n\n\n\n<p>Najbolj\u0161i vodeni izleti iz Kopra po Sloveniji za odkrivanje njenih najve\u010djih znamenitosti in skritih draguljev.<\/p>\n\n\n\n<p><a href=\"https:\/\/croatiatunafishing.com\/\" target=\"_blank\" rel=\"noreferrer noopener\">Ribolov tunov na Hrva\u0161kem<\/a><\/p>\n\n\n\n<p>\u010carterji za ribolov velikih zveri, s katerimi boste ujeli tuna svojega \u017eivljenja.<\/p>\n\n\n\n<p><a href=\"https:\/\/sloveniawedding.com\/\" target=\"_blank\" rel=\"noreferrer noopener\">Poroka v Sloveniji<\/a><\/p>\n\n\n\n<p>Razli\u010dni fantasti\u010dni poro\u010dni paketi in \u010dudovita prizori\u0161\u010da po vsej Sloveniji.<\/p>\n\n\n\n<p><a rel=\"noreferrer noopener\" href=\"https:\/\/sloveniacyclingholidays.com\/\" target=\"_blank\">Kolesarske po\u010ditnice v Sloveniji<\/a><\/p>\n\n\n\n<p>Vodeni ali samostojni kolesarski izleti po Sloveniji.<\/p>\n\n\n\n<p><a href=\"https:\/\/walking-holidays-slovenia.com\/\" target=\"_blank\" rel=\"noreferrer noopener\">Po\u010ditnice za sprehode po Sloveniji<\/a><\/p>\n\n\n\n<p>Pohodni\u0161ki izleti za odkrivanje slovenske narave.<\/p>\n\n\n\n<p><a href=\"https:\/\/slovenia-fly-fishing.com\/\" target=\"_blank\" rel=\"noreferrer noopener\">Slovenija muharjenje<\/a><\/p>\n\n\n\n<p>Voden muharski ribolov v \u010dudovitih slovenskih vodah, kjer boste ujeli ribo svojega \u017eivljenja.<\/p>","protected":false},"excerpt":{"rendered":"<p>Degustacija vina Bled \ud83e\udd42 Bled je zagotovo eden najlep\u0161ih in najbolj slikovitih krajev v Sloveniji. Kako bolje spoznati ta pravlji\u010dni kraj kot tako, da se pridru\u017eite interaktivni vinski degustaciji sedmih odli\u010dnih kakovostnih slovenskih vin iz razli\u010dnih vinorodnih okoli\u0161ev. Degustacija piva Ljubljana \ud83c\udf7a Poskusite slovenska kraft piva in spoznajte obvezna dejstva o pivu v ... <a href=\"https:\/\/wine-tours-slovenia.com\/sl\/partnerji\/\">Nadaljevanje<\/a><\/p>","protected":false},"author":50,"featured_media":0,"parent":0,"menu_order":0,"comment_status":"closed","ping_status":"closed","template":"","meta":{"_acf_changed":false,"footnotes":""},"class_list":["post-54","page","type-page","status-publish","hentry"],"acf":{"page_subheading":"We are stronger together."},"_links":{"self":[{"href":"https:\/\/wine-tours-slovenia.com\/sl\/wp-json\/wp\/v2\/pages\/54","targetHints":{"allow":["GET"]}}],"collection":[{"href":"https:\/\/wine-tours-slovenia.com\/sl\/wp-json\/wp\/v2\/pages"}],"about":[{"href":"https:\/\/wine-tours-slovenia.com\/sl\/wp-json\/wp\/v2\/types\/page"}],"author":[{"embeddable":true,"href":"https:\/\/wine-tours-slovenia.com\/sl\/wp-json\/wp\/v2\/users\/50"}],"replies":[{"embeddable":true,"href":"https:\/\/wine-tours-slovenia.com\/sl\/wp-json\/wp\/v2\/comments?post=54"}],"version-history":[{"count":8,"href":"https:\/\/wine-tours-slovenia.com\/sl\/wp-json\/wp\/v2\/pages\/54\/revisions"}],"predecessor-version":[{"id":236,"href":"https:\/\/wine-tours-slovenia.com\/sl\/wp-json\/wp\/v2\/pages\/54\/revisions\/236"}],"wp:attachment":[{"href":"https:\/\/wine-tours-slovenia.com\/sl\/wp-json\/wp\/v2\/media?parent=54"}],"curies":[{"name":"wp","href":"https:\/\/api.w.org\/{rel}","templated":true}]}}