{"id":44,"date":"2022-06-28T12:10:28","date_gmt":"2022-06-28T12:10:28","guid":{"rendered":"https:\/\/wine-tours-slovenia.com\/?page_id=44"},"modified":"2022-10-04T13:42:24","modified_gmt":"2022-10-04T13:42:24","slug":"o-nas","status":"publish","type":"page","link":"https:\/\/wine-tours-slovenia.com\/sl\/o-nas\/","title":{"rendered":"O nas"},"content":{"rendered":"<h3 class=\"wp-block-heading\">Spoznajte ekipo<\/h3>\n\n\n\n<p>Ekipa, ki stoji za degustacijami in vinskimi dogodiv\u0161\u010dinami! Vse nas povezuje ljubezen do vina, ki prihaja iz \u010dudovitih slovenskih kleti, in se vedno trudimo, da vam ponudimo najbolj\u0161e iz na\u0161ega malega slovenskega vinskega sveta - \u010deprav majhen po velikosti, boste njegovo veli\u010dino okusili v vsakem kozarcu vina! \ud83d\ude42<\/p>","protected":false},"excerpt":{"rendered":"<p>Spoznajte ekipo Ekipa, ki stoji za degustacijami in vinskimi pustolov\u0161\u010dinami! Vse nas povezuje ljubezen do vina, ki prihaja iz \u010dudovitih slovenskih kleti, in se vedno trudimo, da vam ponudimo najbolj\u0161e iz na\u0161ega malega slovenskega vinskega sveta - \u010deprav smo majhni po velikosti, boste okusili veli\u010dino ... <a href=\"https:\/\/wine-tours-slovenia.com\/sl\/o-nas\/\">Nadaljevanje<\/a><\/p>","protected":false},"author":50,"featured_media":0,"parent":0,"menu_order":0,"comment_status":"closed","ping_status":"closed","template":"template-about-us.blade.php","meta":{"_acf_changed":false,"footnotes":""},"class_list":["post-44","page","type-page","status-publish","hentry"],"acf":{"page_subheading":"Our small team is full of dedicated professionals with a great affinity for wine \u2014 always looking for new wines to taste and boutique winemaking families to present."},"_links":{"self":[{"href":"https:\/\/wine-tours-slovenia.com\/sl\/wp-json\/wp\/v2\/pages\/44","targetHints":{"allow":["GET"]}}],"collection":[{"href":"https:\/\/wine-tours-slovenia.com\/sl\/wp-json\/wp\/v2\/pages"}],"about":[{"href":"https:\/\/wine-tours-slovenia.com\/sl\/wp-json\/wp\/v2\/types\/page"}],"author":[{"embeddable":true,"href":"https:\/\/wine-tours-slovenia.com\/sl\/wp-json\/wp\/v2\/users\/50"}],"replies":[{"embeddable":true,"href":"https:\/\/wine-tours-slovenia.com\/sl\/wp-json\/wp\/v2\/comments?post=44"}],"version-history":[{"count":12,"href":"https:\/\/wine-tours-slovenia.com\/sl\/wp-json\/wp\/v2\/pages\/44\/revisions"}],"predecessor-version":[{"id":764,"href":"https:\/\/wine-tours-slovenia.com\/sl\/wp-json\/wp\/v2\/pages\/44\/revisions\/764"}],"wp:attachment":[{"href":"https:\/\/wine-tours-slovenia.com\/sl\/wp-json\/wp\/v2\/media?parent=44"}],"curies":[{"name":"wp","href":"https:\/\/api.w.org\/{rel}","templated":true}]}}