{"id":382,"date":"2022-08-25T13:42:15","date_gmt":"2022-08-25T13:42:15","guid":{"rendered":"https:\/\/wine-tours-slovenia.com\/?page_id=382"},"modified":"2024-03-05T13:00:42","modified_gmt":"2024-03-05T13:00:42","slug":"darilni-bon","status":"publish","type":"page","link":"https:\/\/wine-tours-slovenia.com\/sl\/darilni-bon\/","title":{"rendered":"Darilni bon"},"content":{"rendered":"<p>Presenetite nekoga, ki u\u017eiva v vinu, z darilom za do\u017eivetje na\u0161e vinske ture v Sloveniji.<\/p>\n\n\n\n<p>Kupon velja 6 mesecev, prejemnik pa se lahko odlo\u010di, da ga bo uporabil na katerikoli razpolo\u017eljivi datum.<\/p>\n\n\n\n<p><strong>Cena: 189 \u20ac na osebo<\/strong><\/p>\n\n\n\n<p><strong>Izpolnite obrazec ali nas pokli\u010dite na 00 386 41 90 50 70. Kupon lahko prejmete takoj po nakupu.<\/strong><\/p>\n\n\n\n<p>Darilni bon vam lahko po\u0161ljemo po po\u0161ti, na va\u0161 elektronski naslov, da ga lahko natisnete sami, ali pa ga osebno prevzamete v na\u0161i pisarni v sredi\u0161\u010du Ljubljane.<\/p>\n\n\n\n<p>*\u010ce izberete pla\u010dilo s kreditno kartico, vam bomo povezavo za pla\u010dilo poslali posebej.<\/p>","protected":false},"excerpt":{"rendered":"<p>Presenetite nekoga, ki u\u017eiva v vinu, z darilom za do\u017eivetje na\u0161e vinske ture v Sloveniji. Bon velja 6 mesecev, obdarovanec pa se lahko odlo\u010di, da ga bo uporabil na katerikoli razpolo\u017eljivi datum. Cena: 189 \u20ac na osebo Izpolnite obrazec ali nas pokli\u010dite na 00 386 41 90 50 70. Svoj vav\u010der lahko prejmete na va\u0161 naslov: ... <a href=\"https:\/\/wine-tours-slovenia.com\/sl\/darilni-bon\/\">Nadaljevanje<\/a><\/p>","protected":false},"author":50,"featured_media":0,"parent":0,"menu_order":0,"comment_status":"closed","ping_status":"closed","template":"","meta":{"_acf_changed":false,"footnotes":""},"class_list":["post-382","page","type-page","status-publish","hentry"],"acf":{"page_subheading":"A perfect gift for all the wine lovers you know."},"_links":{"self":[{"href":"https:\/\/wine-tours-slovenia.com\/sl\/wp-json\/wp\/v2\/pages\/382","targetHints":{"allow":["GET"]}}],"collection":[{"href":"https:\/\/wine-tours-slovenia.com\/sl\/wp-json\/wp\/v2\/pages"}],"about":[{"href":"https:\/\/wine-tours-slovenia.com\/sl\/wp-json\/wp\/v2\/types\/page"}],"author":[{"embeddable":true,"href":"https:\/\/wine-tours-slovenia.com\/sl\/wp-json\/wp\/v2\/users\/50"}],"replies":[{"embeddable":true,"href":"https:\/\/wine-tours-slovenia.com\/sl\/wp-json\/wp\/v2\/comments?post=382"}],"version-history":[{"count":17,"href":"https:\/\/wine-tours-slovenia.com\/sl\/wp-json\/wp\/v2\/pages\/382\/revisions"}],"predecessor-version":[{"id":12679,"href":"https:\/\/wine-tours-slovenia.com\/sl\/wp-json\/wp\/v2\/pages\/382\/revisions\/12679"}],"wp:attachment":[{"href":"https:\/\/wine-tours-slovenia.com\/sl\/wp-json\/wp\/v2\/media?parent=382"}],"curies":[{"name":"wp","href":"https:\/\/api.w.org\/{rel}","templated":true}]}}