{"id":54,"date":"2022-06-28T12:11:54","date_gmt":"2022-06-28T12:11:54","guid":{"rendered":"https:\/\/wine-tours-slovenia.com\/?page_id=54"},"modified":"2022-08-02T13:23:02","modified_gmt":"2022-08-02T13:23:02","slug":"partner","status":"publish","type":"page","link":"https:\/\/wine-tours-slovenia.com\/de\/partner\/","title":{"rendered":"Partner"},"content":{"rendered":"<p><a href=\"https:\/\/winetastingbled.com\/\" target=\"_blank\" rel=\"noreferrer noopener\">Weinverkostung Bled<\/a>&nbsp;<a href=\"https:\/\/winetastingbled.com\/\" target=\"_blank\" rel=\"noreferrer noopener\">\ud83e\udd42<\/a><\/p>\n\n\n\n<p>Bled ist definitiv einer der sch\u00f6nsten und malerischsten Orte in Slowenien. Wie k\u00f6nnte man diesen m\u00e4rchenhaften Ort besser entdecken als bei einer interaktiven Weinverkostung von sieben slowenischen Qualit\u00e4tsweinen aus verschiedenen Weinregionen.<\/p>\n\n\n\n<p><a href=\"https:\/\/beertastingljubljana.com\/\" target=\"_blank\" rel=\"noreferrer noopener\">Bierverkostung Ljubljana \ud83c\udf7a<\/a><\/p>\n\n\n\n<p>Probieren Sie slowenische Craft-Biere und erfahren Sie auf unterhaltsame Weise von einem Bierexperten in unserem Lokal alles Wissenswerte \u00fcber Bier. Probieren Sie auf unterhaltsame und interaktive Weise eine neue erstaunliche Bierauswahl.<\/p>\n\n\n\n<p><a href=\"https:\/\/foodtourbled.com\/\" target=\"_blank\" rel=\"noreferrer noopener\">Lebensmittel-Tour Bled \ud83c\udf73 \ud83e\udd5e \ud83e\uddc7&nbsp;<\/a><\/p>\n\n\n\n<p>Entdecken Sie traditionelle lokale Gerichte und authentische slowenische Restaurants in einer atemberaubenden Umgebung.<\/p>\n\n\n\n<p><a href=\"https:\/\/foodtourljubljana.com\/\" target=\"_blank\" rel=\"noreferrer noopener\">Food Tour Ljubljana \ud83c\udf5d \ud83c\udf5b \ud83e\udd58<\/a><\/p>\n\n\n\n<p>1000 Jahre kulinarischer Einfl\u00fcsse vom Mittelmeer bis zu den Alpen, von der pannonischen Meerenge bis zum Balkan und dar\u00fcber hinaus haben 365 bemerkenswerte authentische slowenische Gerichte hervorgebracht. Der beste Weg, um auf den Geschmack zu kommen, ist die Teilnahme an einer kulinarischen Tour in Ljubljana.<\/p>\n\n\n\n<p><a href=\"https:\/\/cookingclassljubljana.com\/\" target=\"_blank\" rel=\"noreferrer noopener\">Kochkurs Ljubljana \ud83c\udf73<\/a><\/p>\n\n\n\n<p>Mit lokalen K\u00f6chen \ud83d\udc69\ud83c\udf73 erleben Sie einen praktischen kulinarischen Workshop, der Sie auf eine Reise durch die reiche slowenische kulinarische Geschichte und die beliebtesten traditionellen Gerichte mitnimmt.<\/p>\n\n\n\n<p><a href=\"https:\/\/farmlifeslovenia.com\/\" target=\"_blank\" rel=\"noreferrer noopener\">Farm Life Slowenien \ud83d\udc24<\/a><\/p>\n\n\n\n<p>Machen Sie neue Erfahrungen und werden Sie f\u00fcr einen Tag Bauer. Besuchen Sie einen authentischen slowenischen Bauernhof und lernen Sie neue F\u00e4higkeiten, w\u00e4hrend Sie Spa\u00df haben und lokal produzierte Lebensmittel probieren.<\/p>\n\n\n\n<p><a href=\"https:\/\/biketourljubljana.com\/\" target=\"_blank\" rel=\"noreferrer noopener\">Fahrradtour Ljubljana&nbsp;<\/a><a href=\"https:\/\/www.tuscany-biketours.com\/\" target=\"_blank\" rel=\"noreferrer noopener\">\ud83d\udeb4<\/a><\/p>\n\n\n\n<p>Begleiten Sie einen ortskundigen F\u00fchrer auf einer Fahrradtour durch Ljubljana. Mit einer Fahrradtour w\u00e4hlen Sie einen sicheren und unterhaltsamen Weg, um alle Highlights der Stadt zu erkunden. Sie werden von einem lokalen, englischsprachigen F\u00fchrer begleitet, der Ihnen die Geschichte der Stadt in nur wenigen Stunden n\u00e4her bringt.<\/p>\n\n\n\n<p><a href=\"https:\/\/winetastingljubljana.com\/\" target=\"_blank\" rel=\"noreferrer noopener\">Weinverkostung Ljubljana \ud83c\udf77<\/a><\/p>\n\n\n\n<p>Begeben Sie sich mit Wine Tasting Ljubljana auf ein Abenteuer in einem 300 Jahre alten Weinkeller, lassen Sie sich mit k\u00f6stlichen Vorspeisen verw\u00f6hnen und lassen Sie sich von einem fachkundigen, englischsprachigen Sommelier auf den spannenden Weg der Verkostung einer Auswahl der besten Weine Sloweniens f\u00fchren.<\/p>\n\n\n\n<p><a href=\"https:\/\/slovenia-activities.com\/\" target=\"_blank\" rel=\"noreferrer noopener\">Slowenien Aktivit\u00e4ten<\/a><\/p>\n\n\n\n<p>Das Team von Slovenia Activities hat ein reichhaltiges, bestbewertetes lokales Angebot an Radfahren, Wandern, Winteraktivit\u00e4ten, Klettern, H\u00f6hlenforschung, Canyoning, Rafting und anderen interessanten und adrenalingeladenen Outdoor-Aktivit\u00e4ten.<\/p>\n\n\n\n<p><a href=\"https:\/\/marlboroughjadetours.co.nz\/\" target=\"_blank\" rel=\"noreferrer noopener\">Jade Tours \ud83c\udf77.<\/a><\/p>\n\n\n\n<p>Das Team von Jade Tours nimmt Sie mit auf eine Marlborough-Weintour zu unseren weltber\u00fchmten Kellert\u00fcren. Sie werden die Gelegenheit haben, eine unterhaltsame, flexible und informative Tour zu genie\u00dfen.<\/p>\n\n\n\n<p><a href=\"https:\/\/www.tuscany-vespatours.com\/\" target=\"_blank\" rel=\"noreferrer noopener\">Vespa Tour Toskana \ud83d\udef5<\/a><\/p>\n\n\n\n<p>Tuscany Vespa Tours bietet eine einzigartige eint\u00e4gige Vespa-Tour s\u00fcdlich von Florenz im Herzen des Chianti-Weinanbaugebiets an.<\/p>\n\n\n\n<p><a href=\"https:\/\/www.tuscany-biketours.com\/\" target=\"_blank\" rel=\"noreferrer noopener\">Radtouren in der Toskana \ud83d\udeb4<\/a><\/p>\n\n\n\n<p>Unvergessliche und einzigartige eint\u00e4gige Radtouren in der Toskana.<\/p>\n\n\n\n<p><a href=\"https:\/\/www.parkhero.co.uk\/\" target=\"_blank\" rel=\"noreferrer noopener\">Parkhero<\/a><\/p>\n\n\n\n<p>Parkhero ist eine Vergleichs- und Buchungsplattform, die Reisenden in ganz Gro\u00dfbritannien hilft, Geld beim Parken am Flughafen zu sparen, auch wenn sie einen Inlandsflug nutzen.<\/p>\n\n\n\n<p><a href=\"https:\/\/huttohuthikingslovenia.com\/\" target=\"_blank\" rel=\"noreferrer noopener\">H\u00fctte zu H\u00fctte Wandern Slowenien<\/a><\/p>\n\n\n\n<p>Wandern Sie auf den sch\u00f6nsten Wanderwegen der Julischen Alpen.<\/p>\n\n\n\n<p><a href=\"https:\/\/triglavtours.com\/\" target=\"_blank\" rel=\"noreferrer noopener\">Triglav Touren<\/a><\/p>\n\n\n\n<p>Gef\u00fchrte Touren auf den ber\u00fchmtesten Berg Sloweniens.<\/p>\n\n\n\n<p><a href=\"https:\/\/sloveniatours.com\/\" target=\"_blank\" rel=\"noreferrer noopener\">Slowenien Touren<\/a><\/p>\n\n\n\n<p>Mehrt\u00e4gige gef\u00fchrte Touren nach Slowenien, um sowohl die Top-Attraktionen als auch verborgene Sch\u00e4tze zu entdecken. Ob gem\u00fctlich oder aktiv, die \u00f6rtlichen Reiseleiter begleiten Sie auf Ihrer Reise durch das Beste von Slowenien.<\/p>\n\n\n\n<p><a href=\"https:\/\/sloveniaprivatetours.com\/\" target=\"_blank\" rel=\"noreferrer noopener\">Slowenien Private Touren<\/a><\/p>\n\n\n\n<p>Private Touren durch Slowenien sind Ihre Chance, unser Land v\u00f6llig stressfrei zu erleben, in Begleitung eines professionellen einheimischen Fahrers und Reiseleiters, der Ihnen zeigt, was Slowenien ausmacht.<\/p>\n\n\n\n<p><a rel=\"noreferrer noopener\" href=\"https:\/\/thebalkantours.com\/\" target=\"_blank\">Die Balkantouren<\/a><\/p>\n\n\n\n<p>Unvergessliche Ferien in den Balkanl\u00e4ndern.<\/p>\n\n\n\n<p><a href=\"https:\/\/hvarstagdo.com\/\" target=\"_blank\" rel=\"noreferrer noopener\">Hvart Junggesellenabschied<\/a><\/p>\n\n\n\n<p>Erleben Sie ein episches Junggesellenwochenende auf Kroatiens bester Partyinsel.<\/p>\n\n\n\n<p><a href=\"https:\/\/shoreexcursionskoper.com\/\" target=\"_blank\" rel=\"noreferrer noopener\">Landausfl\u00fcge Koper<\/a><\/p>\n\n\n\n<p>Die besten gef\u00fchrten Landausfl\u00fcge ab Koper in Slowenien, um sowohl die Hauptattraktionen als auch die versteckten Juwelen zu entdecken.<\/p>\n\n\n\n<p><a href=\"https:\/\/croatiatunafishing.com\/\" target=\"_blank\" rel=\"noreferrer noopener\">Kroatien Thunfischfang<\/a><\/p>\n\n\n\n<p>Gro\u00dfwildfang-Charter, um den Thunfisch des Lebens zu fangen.<\/p>\n\n\n\n<p><a href=\"https:\/\/sloveniawedding.com\/\" target=\"_blank\" rel=\"noreferrer noopener\">Slowenien Hochzeit<\/a><\/p>\n\n\n\n<p>Eine Vielzahl fantastischer Hochzeitspakete und wundersch\u00f6ner Veranstaltungsorte in ganz Slowenien.<\/p>\n\n\n\n<p><a rel=\"noreferrer noopener\" href=\"https:\/\/sloveniacyclingholidays.com\/\" target=\"_blank\">Slowenien Radfahren Urlaub<\/a><\/p>\n\n\n\n<p>Gef\u00fchrte oder selbstgef\u00fchrte Radtouren durch Slowenien.<\/p>\n\n\n\n<p><a href=\"https:\/\/walking-holidays-slovenia.com\/\" target=\"_blank\" rel=\"noreferrer noopener\">Wanderurlaub Slowenien<\/a><\/p>\n\n\n\n<p>Wandertouren zur Entdeckung der slowenischen Natur.<\/p>\n\n\n\n<p><a href=\"https:\/\/slovenia-fly-fishing.com\/\" target=\"_blank\" rel=\"noreferrer noopener\">Slowenien Fliegenfischen<\/a><\/p>\n\n\n\n<p>Gef\u00fchrtes Fliegenfischen in den herrlichen Gew\u00e4ssern Sloweniens, um den Fisch Ihres Lebens zu fangen.<\/p>","protected":false},"excerpt":{"rendered":"<p>Weinverkostung Bled \ud83e\udd42 Bled ist definitiv einer der sch\u00f6nsten und malerischsten Orte in Slowenien. Wie k\u00f6nnte man diesen m\u00e4rchenhaften Ort besser entdecken als mit einer interaktiven Weinprobe von sieben slowenischen Qualit\u00e4tsweinen aus verschiedenen Weinregionen. Bierverkostung in Ljubljana \ud83c\udf7a Probieren Sie slowenische Biere und erfahren Sie alles Wissenswerte \u00fcber Bier ... <a href=\"https:\/\/wine-tours-slovenia.com\/de\/partner\/\">Fortsetzung<\/a><\/p>","protected":false},"author":50,"featured_media":0,"parent":0,"menu_order":0,"comment_status":"closed","ping_status":"closed","template":"","meta":{"_acf_changed":false,"footnotes":""},"class_list":["post-54","page","type-page","status-publish","hentry"],"acf":{"page_subheading":"We are stronger together."},"_links":{"self":[{"href":"https:\/\/wine-tours-slovenia.com\/de\/wp-json\/wp\/v2\/pages\/54","targetHints":{"allow":["GET"]}}],"collection":[{"href":"https:\/\/wine-tours-slovenia.com\/de\/wp-json\/wp\/v2\/pages"}],"about":[{"href":"https:\/\/wine-tours-slovenia.com\/de\/wp-json\/wp\/v2\/types\/page"}],"author":[{"embeddable":true,"href":"https:\/\/wine-tours-slovenia.com\/de\/wp-json\/wp\/v2\/users\/50"}],"replies":[{"embeddable":true,"href":"https:\/\/wine-tours-slovenia.com\/de\/wp-json\/wp\/v2\/comments?post=54"}],"version-history":[{"count":8,"href":"https:\/\/wine-tours-slovenia.com\/de\/wp-json\/wp\/v2\/pages\/54\/revisions"}],"predecessor-version":[{"id":236,"href":"https:\/\/wine-tours-slovenia.com\/de\/wp-json\/wp\/v2\/pages\/54\/revisions\/236"}],"wp:attachment":[{"href":"https:\/\/wine-tours-slovenia.com\/de\/wp-json\/wp\/v2\/media?parent=54"}],"curies":[{"name":"wp","href":"https:\/\/api.w.org\/{rel}","templated":true}]}}