{"id":44,"date":"2022-06-28T12:10:28","date_gmt":"2022-06-28T12:10:28","guid":{"rendered":"https:\/\/wine-tours-slovenia.com\/?page_id=44"},"modified":"2022-10-04T13:42:24","modified_gmt":"2022-10-04T13:42:24","slug":"uber-uns","status":"publish","type":"page","link":"https:\/\/wine-tours-slovenia.com\/de\/uber-uns\/","title":{"rendered":"\u00dcber uns"},"content":{"rendered":"<h3 class=\"wp-block-heading\">Treffen Sie das Team<\/h3>\n\n\n\n<p>Das Team hinter den Weinverkostungen und Weinerlebnissen! Uns alle verbindet die Liebe zum Wein, der von den wunderbaren slowenischen Weing\u00fctern kommt, und wir tun immer unser Bestes, um Ihnen das Beste aus unserer kleinen slowenischen Weinwelt zu bieten - obwohl sie von der Gr\u00f6\u00dfe her klein ist, werden Sie ihre Gr\u00f6\u00dfe in jedem einzelnen Glas Wein schmecken! \ud83d\ude42<\/p>","protected":false},"excerpt":{"rendered":"<p>Treffen Sie das Team Das Team hinter den Weinverkostungen und Weinerlebnissen! Uns alle verbindet die Liebe zum Wein, der von den wunderbaren slowenischen Weing\u00fctern kommt, und wir tun immer unser Bestes, um Ihnen das Beste aus unserer kleinen slowenischen Weinwelt zu bieten - obwohl sie klein ist, werden Sie die Gr\u00f6\u00dfe schmecken ... <a href=\"https:\/\/wine-tours-slovenia.com\/de\/uber-uns\/\">Fortsetzung<\/a><\/p>","protected":false},"author":50,"featured_media":0,"parent":0,"menu_order":0,"comment_status":"closed","ping_status":"closed","template":"template-about-us.blade.php","meta":{"_acf_changed":false,"footnotes":""},"class_list":["post-44","page","type-page","status-publish","hentry"],"acf":{"page_subheading":"Our small team is full of dedicated professionals with a great affinity for wine \u2014 always looking for new wines to taste and boutique winemaking families to present."},"_links":{"self":[{"href":"https:\/\/wine-tours-slovenia.com\/de\/wp-json\/wp\/v2\/pages\/44","targetHints":{"allow":["GET"]}}],"collection":[{"href":"https:\/\/wine-tours-slovenia.com\/de\/wp-json\/wp\/v2\/pages"}],"about":[{"href":"https:\/\/wine-tours-slovenia.com\/de\/wp-json\/wp\/v2\/types\/page"}],"author":[{"embeddable":true,"href":"https:\/\/wine-tours-slovenia.com\/de\/wp-json\/wp\/v2\/users\/50"}],"replies":[{"embeddable":true,"href":"https:\/\/wine-tours-slovenia.com\/de\/wp-json\/wp\/v2\/comments?post=44"}],"version-history":[{"count":12,"href":"https:\/\/wine-tours-slovenia.com\/de\/wp-json\/wp\/v2\/pages\/44\/revisions"}],"predecessor-version":[{"id":764,"href":"https:\/\/wine-tours-slovenia.com\/de\/wp-json\/wp\/v2\/pages\/44\/revisions\/764"}],"wp:attachment":[{"href":"https:\/\/wine-tours-slovenia.com\/de\/wp-json\/wp\/v2\/media?parent=44"}],"curies":[{"name":"wp","href":"https:\/\/api.w.org\/{rel}","templated":true}]}}