{"id":382,"date":"2022-08-25T13:42:15","date_gmt":"2022-08-25T13:42:15","guid":{"rendered":"https:\/\/wine-tours-slovenia.com\/?page_id=382"},"modified":"2024-03-05T13:00:42","modified_gmt":"2024-03-05T13:00:42","slug":"geschenkgutschein","status":"publish","type":"page","link":"https:\/\/wine-tours-slovenia.com\/de\/geschenkgutschein\/","title":{"rendered":"Geschenkgutschein"},"content":{"rendered":"<p>\u00dcberraschen Sie jemanden, der gerne Wein trinkt, mit einer Weintour in Slowenien.<\/p>\n\n\n\n<p>Der Gutschein ist 6 Monate lang g\u00fcltig und der Empf\u00e4nger kann ihn zu einem beliebigen Zeitpunkt einl\u00f6sen.<\/p>\n\n\n\n<p><strong>Preis: 189\u20ac pro Person<\/strong><\/p>\n\n\n\n<p><strong>F\u00fcllen Sie das Formular aus oder rufen Sie uns an unter 00 386 41 90 50 70. Sie k\u00f6nnen Ihren Gutschein sofort nach Ihrem Kauf erhalten.<\/strong><\/p>\n\n\n\n<p>Wir k\u00f6nnen Ihnen einen Geschenkgutschein per Post oder per E-Mail schicken, damit Sie ihn selbst ausdrucken k\u00f6nnen, oder Sie k\u00f6nnen ihn pers\u00f6nlich in unserem B\u00fcro im Stadtzentrum von Ljubljana abholen.<\/p>\n\n\n\n<p>*Wenn Sie sich f\u00fcr die Zahlung per Kreditkarte entscheiden, senden wir Ihnen separat einen Zahlungslink zu.<\/p>","protected":false},"excerpt":{"rendered":"<p>\u00dcberraschen Sie jemanden, der gerne Wein trinkt, mit einem Gutschein f\u00fcr eine Weinreise in Slowenien. Der Gutschein ist 6 Monate g\u00fcltig und der Beschenkte kann ihn zu jedem beliebigen Zeitpunkt einl\u00f6sen. Preis: 189\u20ac pro Person F\u00fcllen Sie das Formular aus oder rufen Sie uns an unter 00 386 41 90 50 70. Sie k\u00f6nnen Ihren ... <a href=\"https:\/\/wine-tours-slovenia.com\/de\/geschenkgutschein\/\">Fortsetzung<\/a><\/p>","protected":false},"author":50,"featured_media":0,"parent":0,"menu_order":0,"comment_status":"closed","ping_status":"closed","template":"","meta":{"_acf_changed":false,"footnotes":""},"class_list":["post-382","page","type-page","status-publish","hentry"],"acf":{"page_subheading":"A perfect gift for all the wine lovers you know."},"_links":{"self":[{"href":"https:\/\/wine-tours-slovenia.com\/de\/wp-json\/wp\/v2\/pages\/382","targetHints":{"allow":["GET"]}}],"collection":[{"href":"https:\/\/wine-tours-slovenia.com\/de\/wp-json\/wp\/v2\/pages"}],"about":[{"href":"https:\/\/wine-tours-slovenia.com\/de\/wp-json\/wp\/v2\/types\/page"}],"author":[{"embeddable":true,"href":"https:\/\/wine-tours-slovenia.com\/de\/wp-json\/wp\/v2\/users\/50"}],"replies":[{"embeddable":true,"href":"https:\/\/wine-tours-slovenia.com\/de\/wp-json\/wp\/v2\/comments?post=382"}],"version-history":[{"count":17,"href":"https:\/\/wine-tours-slovenia.com\/de\/wp-json\/wp\/v2\/pages\/382\/revisions"}],"predecessor-version":[{"id":12679,"href":"https:\/\/wine-tours-slovenia.com\/de\/wp-json\/wp\/v2\/pages\/382\/revisions\/12679"}],"wp:attachment":[{"href":"https:\/\/wine-tours-slovenia.com\/de\/wp-json\/wp\/v2\/media?parent=382"}],"curies":[{"name":"wp","href":"https:\/\/api.w.org\/{rel}","templated":true}]}}